{"id":2095,"date":"2025-09-08T18:19:43","date_gmt":"2025-09-08T15:19:43","guid":{"rendered":"https:\/\/casino-site-amp-126.website\/?page_id=2095"},"modified":"2026-05-04T14:34:46","modified_gmt":"2026-05-04T11:34:46","slug":"ueber-uns","status":"publish","type":"page","link":"https:\/\/casino-site-amp-126.website\/ueber-uns\/","title":{"rendered":"\u00dcber uns"},"content":{"rendered":"<h1>\u00dcber uns<\/h1>\n<p>Willkommen bei <strong>AllySpin Casino<\/strong> \u2013 Ihrer modernen Plattform f\u00fcr Online-Gl\u00fccksspiele.<\/p>\n<p>Wir bieten eine gro\u00dfe Auswahl an <strong>Slots, Tischspielen, Live-Casino-Optionen und exklusiven Bonusaktionen<\/strong>, die sowohl Einsteiger als auch erfahrene Spieler begeistern.<\/p>\n<p>Unsere Mission ist es, ein <strong>faires, transparentes und sicheres Spielerlebnis<\/strong> zu schaffen. Dabei setzen wir auf innovative Technologien, schnelle Auszahlungen und einen zuverl\u00e4ssigen Kundensupport.<\/p>\n<p>Bei AllySpin Casino sind Sie nicht nur ein Spieler \u2013 Sie sind Teil einer Community, in der <strong>Sicherheit, Unterhaltung und Vertrauen<\/strong> an erster Stelle stehen.<\/p>\n","protected":false},"excerpt":{"rendered":"<p>\u00dcber uns Willkommen bei AllySpin Casino \u2013 Ihrer modernen Plattform f\u00fcr Online-Gl\u00fccksspiele. Wir bieten eine gro\u00dfe Auswahl an Slots, Tischspielen, Live-Casino-Optionen und exklusiven Bonusaktionen, die sowohl Einsteiger als auch erfahrene Spieler begeistern. Unsere Mission ist es, ein faires, transparentes und sicheres Spielerlebnis zu schaffen. Dabei setzen wir auf innovative Technologien, schnelle Auszahlungen und einen zuverl\u00e4ssigen [&hellip;]<\/p>\n","protected":false},"author":1,"featured_media":0,"parent":0,"menu_order":0,"comment_status":"closed","ping_status":"closed","template":"","meta":{"_acf_changed":false,"footnotes":""},"class_list":["post-2095","page","type-page","status-publish","hentry"],"acf":[],"yoast_head":"<!-- This site is optimized with the Yoast SEO plugin v27.5 - https:\/\/yoast.com\/product\/yoast-seo-wordpress\/ -->\n<title>\u00dcber uns<\/title>\n<meta name=\"robots\" content=\"index, follow, max-snippet:-1, max-image-preview:large, max-video-preview:-1\" \/>\n<link rel=\"canonical\" href=\"https:\/\/casino-site-amp-126.website\/ueber-uns\/\" \/>\n<meta property=\"og:locale\" content=\"ru_RU\" \/>\n<meta property=\"og:type\" content=\"article\" \/>\n<meta property=\"og:title\" content=\"\u00dcber uns\" \/>\n<meta property=\"og:description\" content=\"\u00dcber uns Willkommen bei AllySpin Casino \u2013 Ihrer modernen Plattform f\u00fcr Online-Gl\u00fccksspiele. Wir bieten eine gro\u00dfe Auswahl an Slots, Tischspielen, Live-Casino-Optionen und exklusiven Bonusaktionen, die sowohl Einsteiger als auch erfahrene Spieler begeistern. Unsere Mission ist es, ein faires, transparentes und sicheres Spielerlebnis zu schaffen. Dabei setzen wir auf innovative Technologien, schnelle Auszahlungen und einen zuverl\u00e4ssigen [&hellip;]\" \/>\n<meta property=\"og:url\" content=\"https:\/\/casino-site-amp-126.website\/ueber-uns\/\" \/>\n<meta property=\"og:site_name\" content=\"Allyspin Casino\" \/>\n<meta property=\"article:modified_time\" content=\"2026-05-04T11:34:46+00:00\" \/>\n<meta name=\"twitter:card\" content=\"summary_large_image\" \/>\n<meta name=\"twitter:label1\" content=\"\u041f\u0440\u0438\u043c\u0435\u0440\u043d\u043e\u0435 \u0432\u0440\u0435\u043c\u044f \u0434\u043b\u044f \u0447\u0442\u0435\u043d\u0438\u044f\" \/>\n\t<meta name=\"twitter:data1\" content=\"1 \u043c\u0438\u043d\u0443\u0442\u0430\" \/>\n<script type=\"application\/ld+json\" class=\"yoast-schema-graph\">{\"@context\":\"https:\\\/\\\/schema.org\",\"@graph\":[{\"@type\":\"WebPage\",\"@id\":\"https:\\\/\\\/casino-site-amp-126.website\\\/ueber-uns\\\/\",\"url\":\"https:\\\/\\\/casino-site-amp-126.website\\\/ueber-uns\\\/\",\"name\":\"\u00dcber uns\",\"isPartOf\":{\"@id\":\"https:\\\/\\\/casino-site-amp-126.website\\\/#website\"},\"datePublished\":\"2025-09-08T15:19:43+00:00\",\"dateModified\":\"2026-05-04T11:34:46+00:00\",\"breadcrumb\":{\"@id\":\"https:\\\/\\\/casino-site-amp-126.website\\\/ueber-uns\\\/#breadcrumb\"},\"inLanguage\":\"ru-RU\",\"potentialAction\":[{\"@type\":\"ReadAction\",\"target\":[\"https:\\\/\\\/casino-site-amp-126.website\\\/ueber-uns\\\/\"]}]},{\"@type\":\"BreadcrumbList\",\"@id\":\"https:\\\/\\\/casino-site-amp-126.website\\\/ueber-uns\\\/#breadcrumb\",\"itemListElement\":[{\"@type\":\"ListItem\",\"position\":1,\"name\":\"\u0413\u043b\u0430\u0432\u043d\u0430\u044f \u0441\u0442\u0440\u0430\u043d\u0438\u0446\u0430\",\"item\":\"https:\\\/\\\/casino-site-amp-126.website\\\/\"},{\"@type\":\"ListItem\",\"position\":2,\"name\":\"\u00dcber uns\"}]},{\"@type\":\"WebSite\",\"@id\":\"https:\\\/\\\/casino-site-amp-126.website\\\/#website\",\"url\":\"https:\\\/\\\/casino-site-amp-126.website\\\/\",\"name\":\"Allyspin Casino\",\"description\":\"\",\"potentialAction\":[{\"@type\":\"SearchAction\",\"target\":{\"@type\":\"EntryPoint\",\"urlTemplate\":\"https:\\\/\\\/casino-site-amp-126.website\\\/?s={search_term_string}\"},\"query-input\":{\"@type\":\"PropertyValueSpecification\",\"valueRequired\":true,\"valueName\":\"search_term_string\"}}],\"inLanguage\":\"ru-RU\"}]}<\/script>\n<!-- \/ Yoast SEO plugin. -->","yoast_head_json":{"title":"\u00dcber uns","robots":{"index":"index","follow":"follow","max-snippet":"max-snippet:-1","max-image-preview":"max-image-preview:large","max-video-preview":"max-video-preview:-1"},"canonical":"https:\/\/casino-site-amp-126.website\/ueber-uns\/","og_locale":"ru_RU","og_type":"article","og_title":"\u00dcber uns","og_description":"\u00dcber uns Willkommen bei AllySpin Casino \u2013 Ihrer modernen Plattform f\u00fcr Online-Gl\u00fccksspiele. Wir bieten eine gro\u00dfe Auswahl an Slots, Tischspielen, Live-Casino-Optionen und exklusiven Bonusaktionen, die sowohl Einsteiger als auch erfahrene Spieler begeistern. Unsere Mission ist es, ein faires, transparentes und sicheres Spielerlebnis zu schaffen. Dabei setzen wir auf innovative Technologien, schnelle Auszahlungen und einen zuverl\u00e4ssigen [&hellip;]","og_url":"https:\/\/casino-site-amp-126.website\/ueber-uns\/","og_site_name":"Allyspin Casino","article_modified_time":"2026-05-04T11:34:46+00:00","twitter_card":"summary_large_image","twitter_misc":{"\u041f\u0440\u0438\u043c\u0435\u0440\u043d\u043e\u0435 \u0432\u0440\u0435\u043c\u044f \u0434\u043b\u044f \u0447\u0442\u0435\u043d\u0438\u044f":"1 \u043c\u0438\u043d\u0443\u0442\u0430"},"schema":{"@context":"https:\/\/schema.org","@graph":[{"@type":"WebPage","@id":"https:\/\/casino-site-amp-126.website\/ueber-uns\/","url":"https:\/\/casino-site-amp-126.website\/ueber-uns\/","name":"\u00dcber uns","isPartOf":{"@id":"https:\/\/casino-site-amp-126.website\/#website"},"datePublished":"2025-09-08T15:19:43+00:00","dateModified":"2026-05-04T11:34:46+00:00","breadcrumb":{"@id":"https:\/\/casino-site-amp-126.website\/ueber-uns\/#breadcrumb"},"inLanguage":"ru-RU","potentialAction":[{"@type":"ReadAction","target":["https:\/\/casino-site-amp-126.website\/ueber-uns\/"]}]},{"@type":"BreadcrumbList","@id":"https:\/\/casino-site-amp-126.website\/ueber-uns\/#breadcrumb","itemListElement":[{"@type":"ListItem","position":1,"name":"\u0413\u043b\u0430\u0432\u043d\u0430\u044f \u0441\u0442\u0440\u0430\u043d\u0438\u0446\u0430","item":"https:\/\/casino-site-amp-126.website\/"},{"@type":"ListItem","position":2,"name":"\u00dcber uns"}]},{"@type":"WebSite","@id":"https:\/\/casino-site-amp-126.website\/#website","url":"https:\/\/casino-site-amp-126.website\/","name":"Allyspin Casino","description":"","potentialAction":[{"@type":"SearchAction","target":{"@type":"EntryPoint","urlTemplate":"https:\/\/casino-site-amp-126.website\/?s={search_term_string}"},"query-input":{"@type":"PropertyValueSpecification","valueRequired":true,"valueName":"search_term_string"}}],"inLanguage":"ru-RU"}]}},"amp_enabled":true,"_links":{"self":[{"href":"https:\/\/casino-site-amp-126.website\/wp-json\/wp\/v2\/pages\/2095","targetHints":{"allow":["GET"]}}],"collection":[{"href":"https:\/\/casino-site-amp-126.website\/wp-json\/wp\/v2\/pages"}],"about":[{"href":"https:\/\/casino-site-amp-126.website\/wp-json\/wp\/v2\/types\/page"}],"author":[{"embeddable":true,"href":"https:\/\/casino-site-amp-126.website\/wp-json\/wp\/v2\/users\/1"}],"replies":[{"embeddable":true,"href":"https:\/\/casino-site-amp-126.website\/wp-json\/wp\/v2\/comments?post=2095"}],"version-history":[{"count":1,"href":"https:\/\/casino-site-amp-126.website\/wp-json\/wp\/v2\/pages\/2095\/revisions"}],"predecessor-version":[{"id":2099,"href":"https:\/\/casino-site-amp-126.website\/wp-json\/wp\/v2\/pages\/2095\/revisions\/2099"}],"wp:attachment":[{"href":"https:\/\/casino-site-amp-126.website\/wp-json\/wp\/v2\/media?parent=2095"}],"curies":[{"name":"wp","href":"https:\/\/api.w.org\/{rel}","templated":true}]}}