{"id":2094,"date":"2025-09-08T18:19:41","date_gmt":"2025-09-08T15:19:41","guid":{"rendered":"https:\/\/casino-site-amp-126.website\/?page_id=2094"},"modified":"2026-05-04T14:35:14","modified_gmt":"2026-05-04T11:35:14","slug":"verantwortungsbewusstes-spielen","status":"publish","type":"page","link":"https:\/\/casino-site-amp-126.website\/verantwortungsbewusstes-spielen\/","title":{"rendered":"Verantwortungsbewusstes Spielen"},"content":{"rendered":"<h1>Verantwortungsbewusstes Spielen<\/h1>\n<p>AllySpin Casino unterst\u00fctzt verantwortungsvolles Spielen und m\u00f6chte, dass Gl\u00fccksspiel eine <strong>unterhaltsame und sichere Freizeitaktivit\u00e4t<\/strong> bleibt.<\/p>\n<ul>\n<li>Gl\u00fccksspiel sollte niemals als Einnahmequelle betrachtet werden.<\/li>\n<li>Spielen Sie nur mit Betr\u00e4gen, die Sie sich leisten k\u00f6nnen zu verlieren.<\/li>\n<li>Nutzen Sie unsere Funktionen f\u00fcr Limits bei Einzahlungen, Verlusten und Spielzeiten.<\/li>\n<li>Personen unter 18 Jahren haben keinen Zugang zu unseren Angeboten.<\/li>\n<li>Bei Anzeichen problematischen Spielverhaltens empfehlen wir den Kontakt zu professionellen Beratungsstellen.<\/li>\n<\/ul>\n","protected":false},"excerpt":{"rendered":"<p>Verantwortungsbewusstes Spielen AllySpin Casino unterst\u00fctzt verantwortungsvolles Spielen und m\u00f6chte, dass Gl\u00fccksspiel eine unterhaltsame und sichere Freizeitaktivit\u00e4t bleibt. Gl\u00fccksspiel sollte niemals als Einnahmequelle betrachtet werden. Spielen Sie nur mit Betr\u00e4gen, die Sie sich leisten k\u00f6nnen zu verlieren. Nutzen Sie unsere Funktionen f\u00fcr Limits bei Einzahlungen, Verlusten und Spielzeiten. Personen unter 18 Jahren haben keinen Zugang zu [&hellip;]<\/p>\n","protected":false},"author":1,"featured_media":0,"parent":0,"menu_order":0,"comment_status":"closed","ping_status":"closed","template":"","meta":{"_acf_changed":false,"footnotes":""},"class_list":["post-2094","page","type-page","status-publish","hentry"],"acf":[],"yoast_head":"<!-- This site is optimized with the Yoast SEO plugin v27.5 - https:\/\/yoast.com\/product\/yoast-seo-wordpress\/ -->\n<title>Verantwortungsbewusstes Spielen<\/title>\n<meta name=\"robots\" content=\"index, follow, max-snippet:-1, max-image-preview:large, max-video-preview:-1\" \/>\n<link rel=\"canonical\" href=\"https:\/\/casino-site-amp-126.website\/verantwortungsbewusstes-spielen\/\" \/>\n<meta property=\"og:locale\" content=\"ru_RU\" \/>\n<meta property=\"og:type\" content=\"article\" \/>\n<meta property=\"og:title\" content=\"Verantwortungsbewusstes Spielen\" \/>\n<meta property=\"og:description\" content=\"Verantwortungsbewusstes Spielen AllySpin Casino unterst\u00fctzt verantwortungsvolles Spielen und m\u00f6chte, dass Gl\u00fccksspiel eine unterhaltsame und sichere Freizeitaktivit\u00e4t bleibt. Gl\u00fccksspiel sollte niemals als Einnahmequelle betrachtet werden. Spielen Sie nur mit Betr\u00e4gen, die Sie sich leisten k\u00f6nnen zu verlieren. Nutzen Sie unsere Funktionen f\u00fcr Limits bei Einzahlungen, Verlusten und Spielzeiten. Personen unter 18 Jahren haben keinen Zugang zu [&hellip;]\" \/>\n<meta property=\"og:url\" content=\"https:\/\/casino-site-amp-126.website\/verantwortungsbewusstes-spielen\/\" \/>\n<meta property=\"og:site_name\" content=\"Allyspin Casino\" \/>\n<meta property=\"article:modified_time\" content=\"2026-05-04T11:35:14+00:00\" \/>\n<meta name=\"twitter:card\" content=\"summary_large_image\" \/>\n<meta name=\"twitter:label1\" content=\"\u041f\u0440\u0438\u043c\u0435\u0440\u043d\u043e\u0435 \u0432\u0440\u0435\u043c\u044f \u0434\u043b\u044f \u0447\u0442\u0435\u043d\u0438\u044f\" \/>\n\t<meta name=\"twitter:data1\" content=\"1 \u043c\u0438\u043d\u0443\u0442\u0430\" \/>\n<script type=\"application\/ld+json\" class=\"yoast-schema-graph\">{\"@context\":\"https:\\\/\\\/schema.org\",\"@graph\":[{\"@type\":\"WebPage\",\"@id\":\"https:\\\/\\\/casino-site-amp-126.website\\\/verantwortungsbewusstes-spielen\\\/\",\"url\":\"https:\\\/\\\/casino-site-amp-126.website\\\/verantwortungsbewusstes-spielen\\\/\",\"name\":\"Verantwortungsbewusstes Spielen\",\"isPartOf\":{\"@id\":\"https:\\\/\\\/casino-site-amp-126.website\\\/#website\"},\"datePublished\":\"2025-09-08T15:19:41+00:00\",\"dateModified\":\"2026-05-04T11:35:14+00:00\",\"breadcrumb\":{\"@id\":\"https:\\\/\\\/casino-site-amp-126.website\\\/verantwortungsbewusstes-spielen\\\/#breadcrumb\"},\"inLanguage\":\"ru-RU\",\"potentialAction\":[{\"@type\":\"ReadAction\",\"target\":[\"https:\\\/\\\/casino-site-amp-126.website\\\/verantwortungsbewusstes-spielen\\\/\"]}]},{\"@type\":\"BreadcrumbList\",\"@id\":\"https:\\\/\\\/casino-site-amp-126.website\\\/verantwortungsbewusstes-spielen\\\/#breadcrumb\",\"itemListElement\":[{\"@type\":\"ListItem\",\"position\":1,\"name\":\"\u0413\u043b\u0430\u0432\u043d\u0430\u044f \u0441\u0442\u0440\u0430\u043d\u0438\u0446\u0430\",\"item\":\"https:\\\/\\\/casino-site-amp-126.website\\\/\"},{\"@type\":\"ListItem\",\"position\":2,\"name\":\"Verantwortungsbewusstes Spielen\"}]},{\"@type\":\"WebSite\",\"@id\":\"https:\\\/\\\/casino-site-amp-126.website\\\/#website\",\"url\":\"https:\\\/\\\/casino-site-amp-126.website\\\/\",\"name\":\"Allyspin Casino\",\"description\":\"\",\"potentialAction\":[{\"@type\":\"SearchAction\",\"target\":{\"@type\":\"EntryPoint\",\"urlTemplate\":\"https:\\\/\\\/casino-site-amp-126.website\\\/?s={search_term_string}\"},\"query-input\":{\"@type\":\"PropertyValueSpecification\",\"valueRequired\":true,\"valueName\":\"search_term_string\"}}],\"inLanguage\":\"ru-RU\"}]}<\/script>\n<!-- \/ Yoast SEO plugin. -->","yoast_head_json":{"title":"Verantwortungsbewusstes Spielen","robots":{"index":"index","follow":"follow","max-snippet":"max-snippet:-1","max-image-preview":"max-image-preview:large","max-video-preview":"max-video-preview:-1"},"canonical":"https:\/\/casino-site-amp-126.website\/verantwortungsbewusstes-spielen\/","og_locale":"ru_RU","og_type":"article","og_title":"Verantwortungsbewusstes Spielen","og_description":"Verantwortungsbewusstes Spielen AllySpin Casino unterst\u00fctzt verantwortungsvolles Spielen und m\u00f6chte, dass Gl\u00fccksspiel eine unterhaltsame und sichere Freizeitaktivit\u00e4t bleibt. Gl\u00fccksspiel sollte niemals als Einnahmequelle betrachtet werden. Spielen Sie nur mit Betr\u00e4gen, die Sie sich leisten k\u00f6nnen zu verlieren. Nutzen Sie unsere Funktionen f\u00fcr Limits bei Einzahlungen, Verlusten und Spielzeiten. Personen unter 18 Jahren haben keinen Zugang zu [&hellip;]","og_url":"https:\/\/casino-site-amp-126.website\/verantwortungsbewusstes-spielen\/","og_site_name":"Allyspin Casino","article_modified_time":"2026-05-04T11:35:14+00:00","twitter_card":"summary_large_image","twitter_misc":{"\u041f\u0440\u0438\u043c\u0435\u0440\u043d\u043e\u0435 \u0432\u0440\u0435\u043c\u044f \u0434\u043b\u044f \u0447\u0442\u0435\u043d\u0438\u044f":"1 \u043c\u0438\u043d\u0443\u0442\u0430"},"schema":{"@context":"https:\/\/schema.org","@graph":[{"@type":"WebPage","@id":"https:\/\/casino-site-amp-126.website\/verantwortungsbewusstes-spielen\/","url":"https:\/\/casino-site-amp-126.website\/verantwortungsbewusstes-spielen\/","name":"Verantwortungsbewusstes Spielen","isPartOf":{"@id":"https:\/\/casino-site-amp-126.website\/#website"},"datePublished":"2025-09-08T15:19:41+00:00","dateModified":"2026-05-04T11:35:14+00:00","breadcrumb":{"@id":"https:\/\/casino-site-amp-126.website\/verantwortungsbewusstes-spielen\/#breadcrumb"},"inLanguage":"ru-RU","potentialAction":[{"@type":"ReadAction","target":["https:\/\/casino-site-amp-126.website\/verantwortungsbewusstes-spielen\/"]}]},{"@type":"BreadcrumbList","@id":"https:\/\/casino-site-amp-126.website\/verantwortungsbewusstes-spielen\/#breadcrumb","itemListElement":[{"@type":"ListItem","position":1,"name":"\u0413\u043b\u0430\u0432\u043d\u0430\u044f \u0441\u0442\u0440\u0430\u043d\u0438\u0446\u0430","item":"https:\/\/casino-site-amp-126.website\/"},{"@type":"ListItem","position":2,"name":"Verantwortungsbewusstes Spielen"}]},{"@type":"WebSite","@id":"https:\/\/casino-site-amp-126.website\/#website","url":"https:\/\/casino-site-amp-126.website\/","name":"Allyspin Casino","description":"","potentialAction":[{"@type":"SearchAction","target":{"@type":"EntryPoint","urlTemplate":"https:\/\/casino-site-amp-126.website\/?s={search_term_string}"},"query-input":{"@type":"PropertyValueSpecification","valueRequired":true,"valueName":"search_term_string"}}],"inLanguage":"ru-RU"}]}},"amp_enabled":true,"_links":{"self":[{"href":"https:\/\/casino-site-amp-126.website\/wp-json\/wp\/v2\/pages\/2094","targetHints":{"allow":["GET"]}}],"collection":[{"href":"https:\/\/casino-site-amp-126.website\/wp-json\/wp\/v2\/pages"}],"about":[{"href":"https:\/\/casino-site-amp-126.website\/wp-json\/wp\/v2\/types\/page"}],"author":[{"embeddable":true,"href":"https:\/\/casino-site-amp-126.website\/wp-json\/wp\/v2\/users\/1"}],"replies":[{"embeddable":true,"href":"https:\/\/casino-site-amp-126.website\/wp-json\/wp\/v2\/comments?post=2094"}],"version-history":[{"count":1,"href":"https:\/\/casino-site-amp-126.website\/wp-json\/wp\/v2\/pages\/2094\/revisions"}],"predecessor-version":[{"id":2098,"href":"https:\/\/casino-site-amp-126.website\/wp-json\/wp\/v2\/pages\/2094\/revisions\/2098"}],"wp:attachment":[{"href":"https:\/\/casino-site-amp-126.website\/wp-json\/wp\/v2\/media?parent=2094"}],"curies":[{"name":"wp","href":"https:\/\/api.w.org\/{rel}","templated":true}]}}